{"id":14,"date":"2020-05-19T11:00:17","date_gmt":"2020-05-19T11:00:17","guid":{"rendered":"http:\/\/lassdieseelebaumeln.de\/?page_id=14"},"modified":"2025-01-14T21:25:12","modified_gmt":"2025-01-14T21:25:12","slug":"wohlfuehlmassage-erwachsene","status":"publish","type":"page","link":"https:\/\/lassdieseelebaumeln.de\/?page_id=14","title":{"rendered":"Wohlf\u00fchlmassage                              Erwachsene"},"content":{"rendered":"\n<p class=\"has-text-align-left\"><strong>Genie\u00dfen Sie eine entspannte Wohlf\u00fchlmassage <\/strong><\/p>\n\n\n\n<p class=\"has-text-align-left\">Alltagsbedingte Verspannungen im Schulter-, Hals-, Arm- sowie R\u00fcckenbereich werden durch eine effektive und ganzheitliche Massagetechnik (nach Bruno Walter) sp\u00fcrbar gel\u00f6st.<\/p>\n\n\n\n<p class=\"has-text-align-left\">Die Massage dient zur Lockerung der Muskulatur, mobilisiert Muskeln, Gelenke und die Wirbels\u00e4ule und Organe werden positiv stimuliert.<\/p>\n\n\n\n<p>Rufen Sie jetzt an und vereinbaren Sie einen Termin um Ihre Seele mal wieder so richtig baumeln zu lassen..<\/p>\n\n\n\n<h3 class=\"wp-block-heading has-text-align-center\">Teilmassage <\/h3>\n\n\n\n<h4 class=\"wp-block-heading has-text-align-center\">30 Minuten Preis: 37\u20ac<\/h4>\n\n\n\n<p class=\"has-text-align-center\">(R\u00fccken- oder Fu\u00dfmassage) mit abschlie\u00dfender Gesichtsmassage<\/p>\n\n\n\n<h3 class=\"wp-block-heading has-text-align-center\">Ganzk\u00f6rpermassage<\/h3>\n\n\n\n<h4 class=\"wp-block-heading has-text-align-center\">60 Minuten Preis: 52\u20ac<\/h4>\n\n\n\n<p class=\"has-text-align-center\">(R\u00fccken, F\u00fc\u00dfe, H\u00e4nde und Gesicht)<\/p>\n","protected":false},"excerpt":{"rendered":"<p>Genie\u00dfen Sie eine entspannte Wohlf\u00fchlmassage Alltagsbedingte Verspannungen im Schulter-, Hals-, Arm- sowie R\u00fcckenbereich werden durch eine effektive und ganzheitliche Massagetechnik (nach Bruno Walter) sp\u00fcrbar gel\u00f6st. Die Massage dient zur Lockerung der Muskulatur, mobilisiert Muskeln, Gelenke und die Wirbels\u00e4ule und Organe werden positiv stimuliert. Rufen Sie jetzt an und vereinbaren Sie einen Termin um Ihre Seele &hellip; <\/p>\n","protected":false},"author":1,"featured_media":0,"parent":0,"menu_order":0,"comment_status":"closed","ping_status":"closed","template":"","meta":{"footnotes":""},"class_list":["post-14","page","type-page","status-publish","hentry"],"_links":{"self":[{"href":"https:\/\/lassdieseelebaumeln.de\/index.php?rest_route=\/wp\/v2\/pages\/14"}],"collection":[{"href":"https:\/\/lassdieseelebaumeln.de\/index.php?rest_route=\/wp\/v2\/pages"}],"about":[{"href":"https:\/\/lassdieseelebaumeln.de\/index.php?rest_route=\/wp\/v2\/types\/page"}],"author":[{"embeddable":true,"href":"https:\/\/lassdieseelebaumeln.de\/index.php?rest_route=\/wp\/v2\/users\/1"}],"replies":[{"embeddable":true,"href":"https:\/\/lassdieseelebaumeln.de\/index.php?rest_route=%2Fwp%2Fv2%2Fcomments&post=14"}],"version-history":[{"count":10,"href":"https:\/\/lassdieseelebaumeln.de\/index.php?rest_route=\/wp\/v2\/pages\/14\/revisions"}],"predecessor-version":[{"id":85,"href":"https:\/\/lassdieseelebaumeln.de\/index.php?rest_route=\/wp\/v2\/pages\/14\/revisions\/85"}],"wp:attachment":[{"href":"https:\/\/lassdieseelebaumeln.de\/index.php?rest_route=%2Fwp%2Fv2%2Fmedia&parent=14"}],"curies":[{"name":"wp","href":"https:\/\/api.w.org\/{rel}","templated":true}]}}