{"id":65,"date":"2022-07-13T17:11:41","date_gmt":"2022-07-13T17:11:41","guid":{"rendered":"http:\/\/lassdieseelebaumeln.de\/?page_id=65"},"modified":"2025-01-14T21:25:35","modified_gmt":"2025-01-14T21:25:35","slug":"__trashed","status":"publish","type":"page","link":"https:\/\/lassdieseelebaumeln.de\/?page_id=65","title":{"rendered":"Anti-Stress Wohlf\u00fchlmassage f\u00fcr Sch\u00fcler\/innen"},"content":{"rendered":"\n<p>Macht dich die Schule gerade total fertig und du bist immer sehr ersch\u00f6pft?<\/p>\n\n\n\n<p>Stehen gerade viele Pr\u00fcfungen an und du bist total gestresst?<\/p>\n\n\n\n<p>Dann befreie ich von dem ganzen Stress und dem ganzen Druck mit einer Anti-Stress Wohlf\u00fchlmassage..<\/p>\n\n\n\n<p>Nach dieser 30-min\u00fctigen Massage wirst du dich wie neu geboren f\u00fchlen und kannst dann wieder ganz entspannt in den Schulalltag \u00fcbergehen oder f\u00fcr anstehende Pr\u00fcfungen lernen.<\/p>\n\n\n\n<p>Rufe mich gerne an, falls du Interesse hast oder gerne mehr dar\u00fcber erfahren m\u00f6chtest \ud83d\ude42<\/p>\n\n\n\n<h3 class=\"wp-block-heading has-text-align-center\">Anti-Stress Wohlf\u00fchlmassage<\/h3>\n\n\n\n<h4 class=\"wp-block-heading has-text-align-center\">30 Minuten Preis: 29\u20ac<\/h4>\n","protected":false},"excerpt":{"rendered":"<p>Macht dich die Schule gerade total fertig und du bist immer sehr ersch\u00f6pft? Stehen gerade viele Pr\u00fcfungen an und du bist total gestresst? Dann befreie ich von dem ganzen Stress und dem ganzen Druck mit einer Anti-Stress Wohlf\u00fchlmassage.. Nach dieser 30-min\u00fctigen Massage wirst du dich wie neu geboren f\u00fchlen und kannst dann wieder ganz entspannt &hellip; <\/p>\n","protected":false},"author":1,"featured_media":0,"parent":0,"menu_order":0,"comment_status":"closed","ping_status":"closed","template":"","meta":{"footnotes":""},"class_list":["post-65","page","type-page","status-publish","hentry"],"_links":{"self":[{"href":"https:\/\/lassdieseelebaumeln.de\/index.php?rest_route=\/wp\/v2\/pages\/65"}],"collection":[{"href":"https:\/\/lassdieseelebaumeln.de\/index.php?rest_route=\/wp\/v2\/pages"}],"about":[{"href":"https:\/\/lassdieseelebaumeln.de\/index.php?rest_route=\/wp\/v2\/types\/page"}],"author":[{"embeddable":true,"href":"https:\/\/lassdieseelebaumeln.de\/index.php?rest_route=\/wp\/v2\/users\/1"}],"replies":[{"embeddable":true,"href":"https:\/\/lassdieseelebaumeln.de\/index.php?rest_route=%2Fwp%2Fv2%2Fcomments&post=65"}],"version-history":[{"count":5,"href":"https:\/\/lassdieseelebaumeln.de\/index.php?rest_route=\/wp\/v2\/pages\/65\/revisions"}],"predecessor-version":[{"id":87,"href":"https:\/\/lassdieseelebaumeln.de\/index.php?rest_route=\/wp\/v2\/pages\/65\/revisions\/87"}],"wp:attachment":[{"href":"https:\/\/lassdieseelebaumeln.de\/index.php?rest_route=%2Fwp%2Fv2%2Fmedia&parent=65"}],"curies":[{"name":"wp","href":"https:\/\/api.w.org\/{rel}","templated":true}]}}